{"id":2038,"date":"2023-08-20T12:04:40","date_gmt":"2023-08-20T09:04:40","guid":{"rendered":"https:\/\/lilacnailshop.ee\/?page_id=2038"},"modified":"2023-08-20T12:25:02","modified_gmt":"2023-08-20T09:25:02","slug":"muugitingimused","status":"publish","type":"page","link":"https:\/\/lilacnailshop.ee\/et\/muugitingimused\/","title":{"rendered":"M\u00fc\u00fcgitingimused"},"content":{"rendered":"<div data-elementor-type=\"wp-page\" data-elementor-id=\"2038\" class=\"elementor elementor-2038\">\n\t\t\t\t\t\t<section class=\"elementor-section elementor-top-section elementor-element elementor-element-11dc25d elementor-section-boxed elementor-section-height-default elementor-section-height-default\" data-id=\"11dc25d\" data-element_type=\"section\" data-e-type=\"section\">\n\t\t\t\t\t\t<div class=\"elementor-container elementor-column-gap-default\">\n\t\t\t\t\t<div class=\"elementor-column elementor-col-100 elementor-top-column elementor-element elementor-element-914915d\" data-id=\"914915d\" data-element_type=\"column\" data-e-type=\"column\">\n\t\t\t<div class=\"elementor-widget-wrap elementor-element-populated\">\n\t\t\t\t\t\t<div class=\"elementor-element elementor-element-28928f8 elementor-widget elementor-widget-text-editor\" data-id=\"28928f8\" data-element_type=\"widget\" data-e-type=\"widget\" data-widget_type=\"text-editor.default\">\n\t\t\t\t<div class=\"elementor-widget-container\">\n\t\t\t\t\t\t\t\t\t<p>E-poe lilacnailshop.ee (edaspidi Lilacnailshop) omanik on LA BELECO ESTONIA O\u00dc (registrikood 16518519).<br \/>Aadress: Luha 9, Raasiku, 75203, Harjumaa, Estonia. <br \/>Telefon +372 55 628 375, e-post:labeleco@mail.ee<\/p><p>1. Mu\u0308u\u0308gilepingu kehtivus, kauba- ja hinnainfo<\/p><p>1.1 Mu\u0308u\u0308gitingimused kehtivad Lilacnailshop kaupade ostmisel.<br \/>1.2 Kaupade ostmisel kinnitab ostja, et ta on lugenud m\u00fc\u00fcgitingimusi ning n\u00f5ustub nendega.<br \/>1.3 E-poes Lilacnailshop.ee mu\u0308u\u0308davate toodete hinnad on ma\u0308rgitud toodete juurde. Hinnale lisandub tasu kauba ka\u0308ttetoimetamise eest. Ko\u0303ik e-poes mu\u0308u\u0308davate kaupade hinnad on eurodes.<br \/>1.4 Kauba ka\u0308ttetoimetamise tasu so\u0303ltub ostja asukohast ning ka\u0308ttetoimetamise viisist. Ka\u0308ttetoimetamise tasu kuvatakse ostjale tellimuse vormistamisel.<br \/>1.5 Teave kauba kohta on esitatud Lilacnailshop e-poes vahetult kauba juures.<\/p><p>2. Tellimuse vormistamine<\/p><p>2.1 Kauba tellimiseks tuleb lisada soovitud tooted ostukorvi.<br \/>2.2 Tellimuse vormistamiseks tuleb ta\u0308ita no\u0303utud andmeva\u0308ljad ning valida sobiv toodete kohaletoimetamise viis. Seeja\u0308rel kuvatakse ekraanile tellimuse kogumaksumus,<br \/>mille saab tasuda turvaliselt pangalingi kaudu v\u00f5i muu makselahenduse abil.<br \/>2.3 Makseid vahendab Montonio Finance O\u00dc.<br \/>2.4 Mu\u0308u\u0308jal (Lilacnailshop.ee) puudub ligipa\u0308a\u0308s kliendi panga ja krediitkaardi andmetele.<br \/>2.5 Tellimus j\u00f5ustub alates tasumisele kuuluva summa laekumisest e-poe lilacnailshop.ee arvelduskontole. <br \/>2.6 Kui tellitud kaupa ei ole v\u00f5imalik tarnida seoses kauba l\u00f5ppemisega v\u00f5i muul p\u00f5hjusel, <br \/>teavitatakse sellest ostjat esimesel v\u00f5imalusel ning tagastatakse tasutud summa (sh kauba k\u00e4ttetoimetamise kulud) hiljemalt 14 p\u00e4eva jooksul vastava teate saatmisest.<\/p><p>3. Kohaletoimetamine<\/p><p>3.1 Kaupu saadetakse ja\u0308rgmistesse riikidesse: Eesti, L\u00e4ti, Leedu, Soome<br \/>3.2 Kauba ka\u0308ttesaamiseks on ostjal ja\u0308rgnevad valikud: Itella Smartpost, Omniva, DPD.<br \/>3.3 Tasuta kohaletoimetamine Eestis alates 59 \u20ac ostust. V\u00e4lismaale alates 150 \u20ac ostust.<br \/>3.4 Kauba saatmiskulud kannab ostja ning vastav hinnainfo on kuvatud saatmisviisi juures.<br \/>3.5 Eestisisesed saadetised jo\u0303uavad u\u0308ldjuhul ostja ma\u0308a\u0308ratud sihtpunkti 3 to\u0308o\u0308pa\u0308eva jooksul alates tellimuse jo\u0303ustumisest.<br \/>3.6 Lilacnailshop.ee ei vastuta tarnete hilinemise eest, mis on tingitud tarnijast s\u00f5ltuvatel p\u00f5hjustel.<br \/>3.7 Tarned Eestist v\u00e4lja teostatakse 14 kalendrip\u00e4eva jooksul. Erandlikel juhtumitel on o\u0303igus kaup kohale toimetada<br \/>kuni 45 kalendripa\u0308eva jooksul.<br \/>3.8 Kui ostja valib kauba k\u00e4ttetoimetamise teenuse, kohustub ta esitama t\u00e4pse kohaletoimetamise aadressi.<\/p><p>4. Taganemiso\u0303igus<\/p><p>4.1 P\u00e4rast tellimuse k\u00e4ttesaamist on ostjal \u00f5igus e-poes sooritatud tehingust taganeda 14 kalendrip\u00e4eva jooksul. <br \/>Taganemis\u00f5igus ei kohaldu juriidilistele isikutele.<br \/>4.2 Taganemis\u00f5igus ei kohaldu k\u00fc\u00fcnehooldustoodetele, mis on avatud ja\/v\u00f5i mis on kasutatud, <br \/>kuna tegemist on kosmeetika tarvetega ning nendele laienevad eraldi h\u00fcgieeni- ja kasutusn\u00f5uded, mis edastatakse m\u00fc\u00fcja poolt iga toote kohta eraldi.<br \/>4.3 Kauba tagastamiseks tuleb vabas vormis avaldus edastada e-posti aadressile labeleco@mail.ee hiljemalt 14 kalendrip\u00e4eva <br \/>jooksul kauba k\u00e4ttesaamisest. Kauba tagastamise kulud kannab ostja v\u00e4lja arvatud juhul kui kaup ei vasta tellitule <br \/>(nt vale toode v\u00f5i defektne toode). Kauba tagastamise avaldus tuleb esitada 14 kalendrip\u00e4eva jooksul kauba saamisest. <br \/>Kauba tagastamisel l\u00e4bi vedaja tuleb Veebipoele (lilacnailshop.ee) esitada vastav t\u00f5end mittevastava kauba \u00fcleandmisest vedajale. <br \/>Lilacnailshop tagastab mittevastava kauba k\u00e4ttesaamisel ja defekteerimisel hiljemalt 14 kalendrip\u00e4eva jooksul ostjalt saadud tasu.<br \/>4.4 Lilacnailshop v\u00f5ib keelduda tagasimaksete tegemisest seni, kuni tagastatav kaup pole m\u00fc\u00fcjani toimetatud, <br \/>tagastamise avaldus pole esitatud v\u00f5i puudub ka t\u00f5end tagastatava kauba vedajale \u00fcleandmise kohta.<br \/>4.5 Lilacnailshop e-poel on \u00f5igus taganeda tehingust ning n\u00f5uda ostjalt kaup tagasi, kui kauba hind on m\u00e4rgitud veebipoes eksituse <br \/>t\u00f5ttu oluliselt alla kauba turuhinna.<\/p><p>5. Pretensiooni esitamise o\u0303igus<\/p><p>5.1 Ostjal on o\u0303igus puuduse ilmnemisel po\u0308o\u0308rduda hiljemalt kahe kuu jooksul e-poe poole, saates e-kirja aadressile labeleco@mail.ee<br \/>5.2 Lilacnailshop ei vastuta puuduste eest, mis on tekkinud pa\u0308rast kauba u\u0308leandmist ostjale.<br \/>5.3 Kui Lilacnailshop e-poest ostetud kaubal on puudused, mille eest Lilacnailshop vastutab, parandab vo\u0303i asendab Lilacnailshop puudusega kauba. <br \/>Kui kaupa ei ole vo\u0303imalik parandada ega asendada, tagastab Lilacnailshop ostjale ko\u0303ik mu\u0308u\u0308gilepinguga kaasnenud tasud.<br \/>5.4 Lilacnailshop vastab tarbija esitatud kaebusele kirjalikult vo\u0303i kirjalikku taasesitamist vo\u0303imaldavas vormis 14 pa\u0308eva jooksul.<br \/>5.5 Kliendil on v\u00f5imalik p\u00f6\u00f6rduda tarbijakaitse ja tehnilise j\u00e4relevalveameti tarbijakaebuste komisjoni poole,<br \/>kelle p\u00e4devuses on lahendada lepingust tulenevaid vaidlusi kui vaidlusaluse kauba maksumus on \u00fcle 20\u20ac<br \/>(kaebuse l\u00e4bivaatamine komisjonis tasuta).<br \/>5.6 Tarbijakaitse ja tehnilise j\u00e4relevalveameti poole saab p\u00f6\u00f6rduda peale seda, <br \/>kui on esitatud kaebus Lilacnailshop e-poele ning Lilacnailshop.ee poolt pakutav lahendus ei rahulda klienti.<\/p><p>6. Vaidluste lahendamine<\/p><p>6.1 Kui ostjal on E-poe osas pretensioone, tuleb need saata e-kirja aadressile labeleco@mail.ee.<br \/>6.2 Kui ostja ja e-pood Lilacnailshop ei suuda lahendada vaidlust kokkuleppe teel, <br \/>siis on ostjal vo\u0303imalik po\u0308o\u0308rduda Tarbijavaidluste komisjoni poole.<br \/>6.3 Tarbijavaidluste komisjoni pa\u0308devuses on lahendada ostja ja e-poe vahel so\u0303lmitud lepingust tulenevaid vaidlusi.<br \/>6.4 Ostja kaebuse l\u00e4bivaatamine komisjonis on tasuta.<br \/>6.5 Ostja vo\u0303ib po\u0308o\u0308rduda Euroopa Liidu tarbijavaidlusi lahendava platvormi poole.<\/p>\t\t\t\t\t\t\t\t<\/div>\n\t\t\t\t<\/div>\n\t\t\t\t\t<\/div>\n\t\t<\/div>\n\t\t\t\t\t<\/div>\n\t\t<\/section>\n\t\t\t\t<\/div>","protected":false},"excerpt":{"rendered":"<p>E-poe lilacnailshop.ee (edaspidi Lilacnailshop) omanik on LA BELECO ESTONIA O\u00dc (registrikood 16518519).Aadress: Luha 9, Raasiku, 75203, Harjumaa, Estonia. Telefon +372 55 628 375, e-post:labeleco@mail.ee 1. Mu\u0308u\u0308gilepingu kehtivus, kauba- ja hinnainfo 1.1 Mu\u0308u\u0308gitingimused kehtivad Lilacnailshop kaupade ostmisel.1.2 Kaupade ostmisel kinnitab ostja, et ta on lugenud m\u00fc\u00fcgitingimusi ning n\u00f5ustub nendega.1.3 E-poes Lilacnailshop.ee mu\u0308u\u0308davate toodete hinnad on ma\u0308rgitud [&hellip;]<\/p>\n","protected":false},"author":2,"featured_media":0,"parent":0,"menu_order":0,"comment_status":"closed","ping_status":"closed","template":"","meta":{"site-sidebar-layout":"no-sidebar","site-content-layout":"page-builder","ast-site-content-layout":"default","site-content-style":"default","site-sidebar-style":"default","ast-global-header-display":"","ast-banner-title-visibility":"","ast-main-header-display":"","ast-hfb-above-header-display":"","ast-hfb-below-header-display":"","ast-hfb-mobile-header-display":"","site-post-title":"disabled","ast-breadcrumbs-content":"","ast-featured-img":"disabled","footer-sml-layout":"","ast-disable-related-posts":"","theme-transparent-header-meta":"","adv-header-id-meta":"","stick-header-meta":"","header-above-stick-meta":"","header-main-stick-meta":"","header-below-stick-meta":"","astra-migrate-meta-layouts":"set","ast-page-background-enabled":"default","ast-page-background-meta":{"desktop":{"background-color":"var(--ast-global-color-4)","background-image":"","background-repeat":"repeat","background-position":"center center","background-size":"auto","background-attachment":"scroll","background-type":"","background-media":"","overlay-type":"","overlay-color":"","overlay-opacity":"","overlay-gradient":""},"tablet":{"background-color":"","background-image":"","background-repeat":"repeat","background-position":"center center","background-size":"auto","background-attachment":"scroll","background-type":"","background-media":"","overlay-type":"","overlay-color":"","overlay-opacity":"","overlay-gradient":""},"mobile":{"background-color":"","background-image":"","background-repeat":"repeat","background-position":"center center","background-size":"auto","background-attachment":"scroll","background-type":"","background-media":"","overlay-type":"","overlay-color":"","overlay-opacity":"","overlay-gradient":""}},"ast-content-background-meta":{"desktop":{"background-color":"var(--ast-global-color-5)","background-image":"","background-repeat":"repeat","background-position":"center center","background-size":"auto","background-attachment":"scroll","background-type":"","background-media":"","overlay-type":"","overlay-color":"","overlay-opacity":"","overlay-gradient":""},"tablet":{"background-color":"var(--ast-global-color-5)","background-image":"","background-repeat":"repeat","background-position":"center center","background-size":"auto","background-attachment":"scroll","background-type":"","background-media":"","overlay-type":"","overlay-color":"","overlay-opacity":"","overlay-gradient":""},"mobile":{"background-color":"var(--ast-global-color-5)","background-image":"","background-repeat":"repeat","background-position":"center center","background-size":"auto","background-attachment":"scroll","background-type":"","background-media":"","overlay-type":"","overlay-color":"","overlay-opacity":"","overlay-gradient":""}},"footnotes":""},"class_list":["post-2038","page","type-page","status-publish","hentry"],"aioseo_notices":[],"_links":{"self":[{"href":"https:\/\/lilacnailshop.ee\/et\/wp-json\/wp\/v2\/pages\/2038","targetHints":{"allow":["GET"]}}],"collection":[{"href":"https:\/\/lilacnailshop.ee\/et\/wp-json\/wp\/v2\/pages"}],"about":[{"href":"https:\/\/lilacnailshop.ee\/et\/wp-json\/wp\/v2\/types\/page"}],"author":[{"embeddable":true,"href":"https:\/\/lilacnailshop.ee\/et\/wp-json\/wp\/v2\/users\/2"}],"replies":[{"embeddable":true,"href":"https:\/\/lilacnailshop.ee\/et\/wp-json\/wp\/v2\/comments?post=2038"}],"version-history":[{"count":0,"href":"https:\/\/lilacnailshop.ee\/et\/wp-json\/wp\/v2\/pages\/2038\/revisions"}],"wp:attachment":[{"href":"https:\/\/lilacnailshop.ee\/et\/wp-json\/wp\/v2\/media?parent=2038"}],"curies":[{"name":"wp","href":"https:\/\/api.w.org\/{rel}","templated":true}]}}