{"id":854,"date":"2023-02-08T15:53:26","date_gmt":"2023-02-08T13:53:26","guid":{"rendered":"http:\/\/lilacnailshop.ee\/?page_id=854"},"modified":"2023-07-31T22:11:46","modified_gmt":"2023-07-31T19:11:46","slug":"about-us","status":"publish","type":"page","link":"https:\/\/lilacnailshop.ee\/et\/about-us\/","title":{"rendered":"About Us"},"content":{"rendered":"<div data-elementor-type=\"wp-page\" data-elementor-id=\"854\" class=\"elementor elementor-854\">\n\t\t\t\t\t\t<section class=\"elementor-section elementor-top-section elementor-element elementor-element-da5456b elementor-section-boxed elementor-section-height-default elementor-section-height-default\" data-id=\"da5456b\" data-element_type=\"section\" data-e-type=\"section\">\n\t\t\t\t\t\t<div class=\"elementor-container elementor-column-gap-default\">\n\t\t\t\t\t<div class=\"elementor-column elementor-col-50 elementor-top-column elementor-element elementor-element-1c9b58b\" data-id=\"1c9b58b\" data-element_type=\"column\" data-e-type=\"column\">\n\t\t\t<div class=\"elementor-widget-wrap\">\n\t\t\t\t\t\t\t<\/div>\n\t\t<\/div>\n\t\t\t\t<div class=\"elementor-column elementor-col-50 elementor-top-column elementor-element elementor-element-6dfed5a\" data-id=\"6dfed5a\" data-element_type=\"column\" data-e-type=\"column\">\n\t\t\t<div class=\"elementor-widget-wrap elementor-element-populated\">\n\t\t\t\t\t\t<div class=\"elementor-element elementor-element-99b24ab elementor-shape-rounded elementor-grid-0 e-grid-align-center elementor-widget elementor-widget-social-icons\" data-id=\"99b24ab\" data-element_type=\"widget\" data-e-type=\"widget\" data-widget_type=\"social-icons.default\">\n\t\t\t\t<div class=\"elementor-widget-container\">\n\t\t\t\t\t\t\t<div class=\"elementor-social-icons-wrapper elementor-grid\" role=\"list\">\n\t\t\t\t\t\t\t<span class=\"elementor-grid-item\" role=\"listitem\">\n\t\t\t\t\t<a class=\"elementor-icon elementor-social-icon elementor-social-icon-facebook elementor-repeater-item-35680fc\" href=\"https:\/\/www.facebook.com\/profile.php?id=100084737545115\" target=\"_blank\">\n\t\t\t\t\t\t<span class=\"elementor-screen-only\">Facebook<\/span>\n\t\t\t\t\t\t<i aria-hidden=\"true\" class=\"fab fa-facebook\"><\/i>\t\t\t\t\t<\/a>\n\t\t\t\t<\/span>\n\t\t\t\t\t\t\t<span class=\"elementor-grid-item\" role=\"listitem\">\n\t\t\t\t\t<a class=\"elementor-icon elementor-social-icon elementor-social-icon-instagram elementor-repeater-item-a734b1f\" href=\"https:\/\/www.instagram.com\/lilac_pro\/\" target=\"_blank\">\n\t\t\t\t\t\t<span class=\"elementor-screen-only\">Instagram<\/span>\n\t\t\t\t\t\t<i aria-hidden=\"true\" class=\"fab fa-instagram\"><\/i>\t\t\t\t\t<\/a>\n\t\t\t\t<\/span>\n\t\t\t\t\t<\/div>\n\t\t\t\t\t\t<\/div>\n\t\t\t\t<\/div>\n\t\t\t\t\t<\/div>\n\t\t<\/div>\n\t\t\t\t\t<\/div>\n\t\t<\/section>\n\t\t\t\t<section class=\"elementor-section elementor-top-section elementor-element elementor-element-747eecc elementor-section-boxed elementor-section-height-default elementor-section-height-default\" data-id=\"747eecc\" data-element_type=\"section\" data-e-type=\"section\">\n\t\t\t\t\t\t<div class=\"elementor-container elementor-column-gap-default\">\n\t\t\t\t\t<div class=\"elementor-column elementor-col-100 elementor-top-column elementor-element elementor-element-db3f708\" data-id=\"db3f708\" data-element_type=\"column\" data-e-type=\"column\">\n\t\t\t<div class=\"elementor-widget-wrap elementor-element-populated\">\n\t\t\t\t\t\t<div class=\"elementor-element elementor-element-0f0925a elementor-widget elementor-widget-text-editor\" data-id=\"0f0925a\" data-element_type=\"widget\" data-e-type=\"widget\" data-widget_type=\"text-editor.default\">\n\t\t\t\t<div class=\"elementor-widget-container\">\n\t\t\t\t\t\t\t\t\t<p>Lilac on Eesti kaubam\u00e4rk, mis on spetsialiseerunud professionaalsete toodete m\u00fc\u00fcgile manik\u00fc\u00fcri tehnikutele.<\/p><p>Kaubam\u00e4rk asutati 2022. aastal ja see on juba n\u00fc\u00fcdseks kujunenud \ntipptasemel kaubam\u00e4rgiks.<\/p><p>K\u00f5rge kvaliteet ja eksklusiivne valik rahuldab k\u00f5ik k\u00fc\u00fcnetehniku vajadusi.\u00a0<\/p><p>Me t\u00f6\u00f6tame Teie heaks!<\/p>\t\t\t\t\t\t\t\t<\/div>\n\t\t\t\t<\/div>\n\t\t\t\t\t<\/div>\n\t\t<\/div>\n\t\t\t\t\t<\/div>\n\t\t<\/section>\n\t\t\t\t<\/div>","protected":false},"excerpt":{"rendered":"<p>Facebook Instagram Lilac- \u044d\u0442\u043e \u044d\u0441\u0442\u043e\u043d\u0441\u043a\u0438\u0439 \u0431\u0440\u0435\u043d\u0434, \u043a\u043e\u0442\u043e\u0440\u044b\u0439 \u0441\u043f\u0435\u0446\u0438\u0430\u043b\u0438\u0437\u0438\u0440\u0443\u0435\u0442\u0441\u044f \u043d\u0430 \u043f\u0440\u043e\u0434\u0430\u0436\u0435 \u043f\u0440\u043e\u0444\u0435\u0441\u0441\u0438\u043e\u043d\u0430\u043b\u044c\u043d\u043e\u0439 \u043f\u0440\u043e\u0434\u0443\u043a\u0446\u0438\u0438 \u0434\u043b\u044f \u043c\u0430\u0441\u0442\u0435\u0440\u043e\u0432 \u043c\u0430\u043d\u0438\u043a\u044e\u0440\u0430. \u0411\u0440\u0435\u043d\u0434 \u043e\u0441\u043d\u043e\u0432\u0430\u043d \u0432 2022 \u0433\u043e\u0434\u0443 \u0438 \u0443\u0436\u0435 \u0443\u0441\u043f\u0435\u043b \u0437\u0430\u0440\u0435\u043a\u043e\u043c\u0435\u043d\u0434\u043e\u0432\u0430\u0442\u044c \u0441\u0435\u0431\u044f \u0438\u0441\u043a\u043b\u044e\u0447\u0438\u0442\u0435\u043b\u044c\u043d\u043e \u0441 \u043b\u0443\u0447\u0448\u0435\u0439 \u0441\u0442\u043e\u0440\u043e\u043d\u044b. \u0412\u044b\u0441\u043e\u043a\u043e\u0435 \u043a\u0430\u0447\u0435\u0441\u0442\u0432\u043e \u0438 \u044d\u043a\u0441\u043a\u043b\u044e\u0437\u0438\u0432\u043d\u044b\u0439\u00a0\u0430\u0441\u0441\u043e\u0440\u0442\u0438\u043c\u0435\u043d\u0442 \u043f\u043e\u0437\u0432\u043e\u043b\u044f\u0435\u0442 \u0443\u0434\u043e\u0432\u043b\u0435\u0442\u0432\u043e\u0440\u0438\u0442\u044c \u0432\u0441\u0435 \u043f\u043e\u0442\u0440\u0435\u0431\u043d\u043e\u0441\u0442\u0438 \u043f\u0440\u0438 \u0440\u0430\u0431\u043e\u0442\u0435 \u0441 \u043d\u043e\u0433\u0442\u044f\u043c\u0438.\u00a0 \u041c\u044b \u0440\u0430\u0431\u043e\u0442\u0430\u0435\u043c \u0434\u043b\u044f \u0412\u0430\u0441!<\/p>","protected":false},"author":1,"featured_media":0,"parent":0,"menu_order":0,"comment_status":"closed","ping_status":"closed","template":"","meta":{"site-sidebar-layout":"no-sidebar","site-content-layout":"page-builder","ast-site-content-layout":"default","site-content-style":"default","site-sidebar-style":"default","ast-global-header-display":"","ast-banner-title-visibility":"","ast-main-header-display":"","ast-hfb-above-header-display":"","ast-hfb-below-header-display":"","ast-hfb-mobile-header-display":"","site-post-title":"disabled","ast-breadcrumbs-content":"","ast-featured-img":"disabled","footer-sml-layout":"","ast-disable-related-posts":"","theme-transparent-header-meta":"","adv-header-id-meta":"","stick-header-meta":"","header-above-stick-meta":"","header-main-stick-meta":"","header-below-stick-meta":"","astra-migrate-meta-layouts":"default","ast-page-background-enabled":"default","ast-page-background-meta":{"desktop":{"background-color":"var(--ast-global-color-4)","background-image":"","background-repeat":"repeat","background-position":"center center","background-size":"auto","background-attachment":"scroll","background-type":"","background-media":"","overlay-type":"","overlay-color":"","overlay-opacity":"","overlay-gradient":""},"tablet":{"background-color":"","background-image":"","background-repeat":"repeat","background-position":"center center","background-size":"auto","background-attachment":"scroll","background-type":"","background-media":"","overlay-type":"","overlay-color":"","overlay-opacity":"","overlay-gradient":""},"mobile":{"background-color":"","background-image":"","background-repeat":"repeat","background-position":"center center","background-size":"auto","background-attachment":"scroll","background-type":"","background-media":"","overlay-type":"","overlay-color":"","overlay-opacity":"","overlay-gradient":""}},"ast-content-background-meta":{"desktop":{"background-color":"var(--ast-global-color-5)","background-image":"","background-repeat":"repeat","background-position":"center center","background-size":"auto","background-attachment":"scroll","background-type":"","background-media":"","overlay-type":"","overlay-color":"","overlay-opacity":"","overlay-gradient":""},"tablet":{"background-color":"var(--ast-global-color-5)","background-image":"","background-repeat":"repeat","background-position":"center center","background-size":"auto","background-attachment":"scroll","background-type":"","background-media":"","overlay-type":"","overlay-color":"","overlay-opacity":"","overlay-gradient":""},"mobile":{"background-color":"var(--ast-global-color-5)","background-image":"","background-repeat":"repeat","background-position":"center center","background-size":"auto","background-attachment":"scroll","background-type":"","background-media":"","overlay-type":"","overlay-color":"","overlay-opacity":"","overlay-gradient":""}},"footnotes":""},"class_list":["post-854","page","type-page","status-publish","hentry"],"aioseo_notices":[],"_links":{"self":[{"href":"https:\/\/lilacnailshop.ee\/et\/wp-json\/wp\/v2\/pages\/854","targetHints":{"allow":["GET"]}}],"collection":[{"href":"https:\/\/lilacnailshop.ee\/et\/wp-json\/wp\/v2\/pages"}],"about":[{"href":"https:\/\/lilacnailshop.ee\/et\/wp-json\/wp\/v2\/types\/page"}],"author":[{"embeddable":true,"href":"https:\/\/lilacnailshop.ee\/et\/wp-json\/wp\/v2\/users\/1"}],"replies":[{"embeddable":true,"href":"https:\/\/lilacnailshop.ee\/et\/wp-json\/wp\/v2\/comments?post=854"}],"version-history":[{"count":0,"href":"https:\/\/lilacnailshop.ee\/et\/wp-json\/wp\/v2\/pages\/854\/revisions"}],"wp:attachment":[{"href":"https:\/\/lilacnailshop.ee\/et\/wp-json\/wp\/v2\/media?parent=854"}],"curies":[{"name":"wp","href":"https:\/\/api.w.org\/{rel}","templated":true}]}}