{"id":2099,"date":"2023-10-31T10:36:56","date_gmt":"2023-10-31T08:36:56","guid":{"rendered":"https:\/\/lilacnailshop.ee\/?post_type=product&#038;p=2099"},"modified":"2025-08-28T12:04:21","modified_gmt":"2025-08-28T09:04:21","slug":"degidrator-12ml","status":"publish","type":"product","link":"https:\/\/lilacnailshop.ee\/et\/toode\/degidrator-12ml\/","title":{"rendered":"DEH\u00dcDRAATOR 12ml"},"content":{"rendered":"","protected":false},"excerpt":{"rendered":"<p>Ei sisalda vett, \u00f5lisid ega muid lisandeid!<\/p>\n<p>Kuivatab, rasvatustab ja puhastab t\u00f5husalt k\u00fc\u00fcneplaati.<\/p>\n<p>Kasutusjuhend: Kandke toode ettevalmistatud k\u00fc\u00fcnele ja laske \u00f5hu k\u00e4es kuivada. P\u00e4rast toote pealekandmist peaks k\u00fc\u00fcneplaat j\u00e4\u00e4ma ideaalselt kuivaks.<\/p>\n<p>Ainult professionaalseks kasutamiseks.<\/p>\n<p>Koostis: Isopropyl alcohol, Methyl acetate, Methyl pyrrolidone.<\/p>","protected":false},"featured_media":2166,"template":"","meta":{"site-sidebar-layout":"default","site-content-layout":"","ast-site-content-layout":"default","site-content-style":"default","site-sidebar-style":"default","ast-global-header-display":"","ast-banner-title-visibility":"","ast-main-header-display":"","ast-hfb-above-header-display":"","ast-hfb-below-header-display":"","ast-hfb-mobile-header-display":"","site-post-title":"","ast-breadcrumbs-content":"","ast-featured-img":"","footer-sml-layout":"","ast-disable-related-posts":"","theme-transparent-header-meta":"default","adv-header-id-meta":"","stick-header-meta":"default","header-above-stick-meta":"","header-main-stick-meta":"","header-below-stick-meta":"","astra-migrate-meta-layouts":"set","ast-page-background-enabled":"default","ast-page-background-meta":{"desktop":{"background-color":"var(--ast-global-color-4)","background-image":"","background-repeat":"repeat","background-position":"center center","background-size":"auto","background-attachment":"scroll","background-type":"","background-media":"","overlay-type":"","overlay-color":"","overlay-opacity":"","overlay-gradient":""},"tablet":{"background-color":"","background-image":"","background-repeat":"repeat","background-position":"center center","background-size":"auto","background-attachment":"scroll","background-type":"","background-media":"","overlay-type":"","overlay-color":"","overlay-opacity":"","overlay-gradient":""},"mobile":{"background-color":"","background-image":"","background-repeat":"repeat","background-position":"center center","background-size":"auto","background-attachment":"scroll","background-type":"","background-media":"","overlay-type":"","overlay-color":"","overlay-opacity":"","overlay-gradient":""}},"ast-content-background-meta":{"desktop":{"background-color":"var(--ast-global-color-5)","background-image":"","background-repeat":"repeat","background-position":"center center","background-size":"auto","background-attachment":"scroll","background-type":"","background-media":"","overlay-type":"","overlay-color":"","overlay-opacity":"","overlay-gradient":""},"tablet":{"background-color":"var(--ast-global-color-5)","background-image":"","background-repeat":"repeat","background-position":"center center","background-size":"auto","background-attachment":"scroll","background-type":"","background-media":"","overlay-type":"","overlay-color":"","overlay-opacity":"","overlay-gradient":""},"mobile":{"background-color":"var(--ast-global-color-5)","background-image":"","background-repeat":"repeat","background-position":"center center","background-size":"auto","background-attachment":"scroll","background-type":"","background-media":"","overlay-type":"","overlay-color":"","overlay-opacity":"","overlay-gradient":""}}},"product_brand":[],"product_cat":[71],"product_tag":[],"class_list":{"0":"post-2099","1":"product","2":"type-product","3":"status-publish","4":"has-post-thumbnail","6":"product_cat-vedelikud-geelkuunte-napunaiteid","7":"desktop-align-left","8":"tablet-align-left","9":"mobile-align-left","10":"ast-product-gallery-layout-horizontal-slider","11":"ast-product-gallery-with-no-image","12":"ast-product-tabs-layout-horizontal","14":"first","15":"outofstock","16":"taxable","17":"shipping-taxable","18":"purchasable","19":"product-type-simple"},"aioseo_notices":[],"_links":{"self":[{"href":"https:\/\/lilacnailshop.ee\/et\/wp-json\/wp\/v2\/product\/2099","targetHints":{"allow":["GET"]}}],"collection":[{"href":"https:\/\/lilacnailshop.ee\/et\/wp-json\/wp\/v2\/product"}],"about":[{"href":"https:\/\/lilacnailshop.ee\/et\/wp-json\/wp\/v2\/types\/product"}],"version-history":[{"count":1,"href":"https:\/\/lilacnailshop.ee\/et\/wp-json\/wp\/v2\/product\/2099\/revisions"}],"predecessor-version":[{"id":2449,"href":"https:\/\/lilacnailshop.ee\/et\/wp-json\/wp\/v2\/product\/2099\/revisions\/2449"}],"wp:featuredmedia":[{"embeddable":true,"href":"https:\/\/lilacnailshop.ee\/et\/wp-json\/wp\/v2\/media\/2166"}],"wp:attachment":[{"href":"https:\/\/lilacnailshop.ee\/et\/wp-json\/wp\/v2\/media?parent=2099"}],"wp:term":[{"taxonomy":"product_brand","embeddable":true,"href":"https:\/\/lilacnailshop.ee\/et\/wp-json\/wp\/v2\/product_brand?post=2099"},{"taxonomy":"product_cat","embeddable":true,"href":"https:\/\/lilacnailshop.ee\/et\/wp-json\/wp\/v2\/product_cat?post=2099"},{"taxonomy":"product_tag","embeddable":true,"href":"https:\/\/lilacnailshop.ee\/et\/wp-json\/wp\/v2\/product_tag?post=2099"}],"curies":[{"name":"wp","href":"https:\/\/api.w.org\/{rel}","templated":true}]}}