{"id":2175,"date":"2023-11-08T10:44:02","date_gmt":"2023-11-08T08:44:02","guid":{"rendered":"https:\/\/lilacnailshop.ee\/?post_type=product&#038;p=2175"},"modified":"2025-08-28T12:02:59","modified_gmt":"2025-08-28T09:02:59","slug":"prajmer-12-ml","status":"publish","type":"product","link":"https:\/\/lilacnailshop.ee\/et\/toode\/prajmer-12-ml\/","title":{"rendered":"Primer 12ml"},"content":{"rendered":"<p>Primer Lilac &#8212; \u043d\u0435 \u0441\u043e\u0434\u0435\u0440\u0436\u0438\u0442 \u043a\u0438\u0441\u043b\u043e\u0442, \u0430 \u0437\u043d\u0430\u0447\u0438\u0442, \u043d\u0435 \u043f\u043e\u0432\u0440\u0435\u0434\u0438\u0442 \u043d\u043e\u0433\u0442\u0435\u0432\u0443\u044e \u043f\u043b\u0430\u0441\u0442\u0438\u043d\u0443, \u043e\u0431\u0435\u0441\u043f\u0435\u0447\u0438\u0432\u0430\u0435\u0442 \u043e\u0442\u043b\u0438\u0447\u043d\u0443\u044e \u0430\u0434\u0433\u0435\u0437\u0438\u044e \u043f\u043e\u0432\u0435\u0440\u0445\u043d\u043e\u0441\u0442\u0438 \u043d\u043e\u0433\u0442\u044f \u0441 \u043c\u0430\u0442\u0435\u0440\u0438\u0430\u043b\u0430\u043c \u043b\u044e\u0431\u043e\u0439 \u0432\u044b\u0431\u0440\u0430\u043d\u043d\u043e\u0439 \u0432\u0430\u043c\u0438 \u0441\u0438\u0441\u0442\u0435\u043c\u044b: \u0433\u0435\u043b\u044c, \u0430\u043a\u0440\u0438\u043b, \u0433\u0435\u043b\u044c-\u043b\u0430\u043a, \u0431\u0438\u043e\u0433\u0435\u043b\u044c, \u0430\u043a\u0440\u0438\u0433\u0435\u043b\u044c. \u041e\u043d \u043f\u0440\u043e\u0434\u043b\u0435\u0432\u0430\u0435\u0442 \u0441\u0440\u043e\u043a \u043d\u043e\u0441\u043a\u0438 \u0438\u0441\u043a\u0443\u0441\u0441\u0442\u0432\u0435\u043d\u043d\u043e\u0433\u043e \u043f\u043e\u043a\u0440\u044b\u0442\u0438\u044f \u0438 \u043f\u043e\u043c\u043e\u0433\u0430\u0435\u0442 \u0438\u0437\u0431\u0435\u0436\u0430\u0442\u044c \u043e\u0442\u0441\u043b\u043e\u0435\u043a.<\/p>","protected":false},"excerpt":{"rendered":"<p>Primer 12ml<br \/>\nHappevaba universaalne primer.<br \/>\nJ\u00e4\u00e4b kergelt kleepuvaks.<br \/>\nSuurep\u00e4rane nakkumine materjaliga.<br \/>\nAsendamatu \u00f5hukeste ja n\u00f5rgenenud k\u00fc\u00fcntega t\u00f6\u00f6tamisel.<\/p>","protected":false},"featured_media":2167,"template":"","meta":{"site-sidebar-layout":"default","site-content-layout":"","ast-site-content-layout":"default","site-content-style":"default","site-sidebar-style":"default","ast-global-header-display":"","ast-banner-title-visibility":"","ast-main-header-display":"","ast-hfb-above-header-display":"","ast-hfb-below-header-display":"","ast-hfb-mobile-header-display":"","site-post-title":"","ast-breadcrumbs-content":"","ast-featured-img":"","footer-sml-layout":"","ast-disable-related-posts":"","theme-transparent-header-meta":"default","adv-header-id-meta":"","stick-header-meta":"default","header-above-stick-meta":"","header-main-stick-meta":"","header-below-stick-meta":"","astra-migrate-meta-layouts":"set","ast-page-background-enabled":"default","ast-page-background-meta":{"desktop":{"background-color":"var(--ast-global-color-4)","background-image":"","background-repeat":"repeat","background-position":"center center","background-size":"auto","background-attachment":"scroll","background-type":"","background-media":"","overlay-type":"","overlay-color":"","overlay-opacity":"","overlay-gradient":""},"tablet":{"background-color":"","background-image":"","background-repeat":"repeat","background-position":"center center","background-size":"auto","background-attachment":"scroll","background-type":"","background-media":"","overlay-type":"","overlay-color":"","overlay-opacity":"","overlay-gradient":""},"mobile":{"background-color":"","background-image":"","background-repeat":"repeat","background-position":"center center","background-size":"auto","background-attachment":"scroll","background-type":"","background-media":"","overlay-type":"","overlay-color":"","overlay-opacity":"","overlay-gradient":""}},"ast-content-background-meta":{"desktop":{"background-color":"var(--ast-global-color-5)","background-image":"","background-repeat":"repeat","background-position":"center center","background-size":"auto","background-attachment":"scroll","background-type":"","background-media":"","overlay-type":"","overlay-color":"","overlay-opacity":"","overlay-gradient":""},"tablet":{"background-color":"var(--ast-global-color-5)","background-image":"","background-repeat":"repeat","background-position":"center center","background-size":"auto","background-attachment":"scroll","background-type":"","background-media":"","overlay-type":"","overlay-color":"","overlay-opacity":"","overlay-gradient":""},"mobile":{"background-color":"var(--ast-global-color-5)","background-image":"","background-repeat":"repeat","background-position":"center center","background-size":"auto","background-attachment":"scroll","background-type":"","background-media":"","overlay-type":"","overlay-color":"","overlay-opacity":"","overlay-gradient":""}}},"product_brand":[],"product_cat":[71],"product_tag":[],"class_list":{"0":"post-2175","1":"product","2":"type-product","3":"status-publish","4":"has-post-thumbnail","6":"product_cat-vedelikud-geelkuunte-napunaiteid","7":"desktop-align-left","8":"tablet-align-left","9":"mobile-align-left","10":"ast-product-gallery-layout-horizontal-slider","11":"ast-product-gallery-with-no-image","12":"ast-product-tabs-layout-horizontal","14":"first","15":"outofstock","16":"taxable","17":"shipping-taxable","18":"purchasable","19":"product-type-simple"},"aioseo_notices":[],"_links":{"self":[{"href":"https:\/\/lilacnailshop.ee\/et\/wp-json\/wp\/v2\/product\/2175","targetHints":{"allow":["GET"]}}],"collection":[{"href":"https:\/\/lilacnailshop.ee\/et\/wp-json\/wp\/v2\/product"}],"about":[{"href":"https:\/\/lilacnailshop.ee\/et\/wp-json\/wp\/v2\/types\/product"}],"version-history":[{"count":1,"href":"https:\/\/lilacnailshop.ee\/et\/wp-json\/wp\/v2\/product\/2175\/revisions"}],"predecessor-version":[{"id":2450,"href":"https:\/\/lilacnailshop.ee\/et\/wp-json\/wp\/v2\/product\/2175\/revisions\/2450"}],"wp:featuredmedia":[{"embeddable":true,"href":"https:\/\/lilacnailshop.ee\/et\/wp-json\/wp\/v2\/media\/2167"}],"wp:attachment":[{"href":"https:\/\/lilacnailshop.ee\/et\/wp-json\/wp\/v2\/media?parent=2175"}],"wp:term":[{"taxonomy":"product_brand","embeddable":true,"href":"https:\/\/lilacnailshop.ee\/et\/wp-json\/wp\/v2\/product_brand?post=2175"},{"taxonomy":"product_cat","embeddable":true,"href":"https:\/\/lilacnailshop.ee\/et\/wp-json\/wp\/v2\/product_cat?post=2175"},{"taxonomy":"product_tag","embeddable":true,"href":"https:\/\/lilacnailshop.ee\/et\/wp-json\/wp\/v2\/product_tag?post=2175"}],"curies":[{"name":"wp","href":"https:\/\/api.w.org\/{rel}","templated":true}]}}