{"id":2178,"date":"2023-11-08T11:03:30","date_gmt":"2023-11-08T09:03:30","guid":{"rendered":"https:\/\/lilacnailshop.ee\/?post_type=product&#038;p=2178"},"modified":"2025-08-28T12:02:17","modified_gmt":"2025-08-28T09:02:17","slug":"komplekt-degidrator-12ml-prajmer-12ml","status":"publish","type":"product","link":"https:\/\/lilacnailshop.ee\/et\/toode\/komplekt-degidrator-12ml-prajmer-12ml\/","title":{"rendered":"Combo Deh\u00fcdraator 12ml+Primer 12ml"},"content":{"rendered":"","protected":false},"excerpt":{"rendered":"<p>Primer 12ml<br \/>\nHappevaba universaalne primer.<br \/>\nJ\u00e4\u00e4b kergelt kleepuvaks.<br \/>\nSuurep\u00e4rane nakkumine materjaliga.<br \/>\nAsendamatu \u00f5hukeste ja n\u00f5rgenenud k\u00fc\u00fcntega t\u00f6\u00f6tamisel.<br \/>\nDEH\u00dcDRAATOR<br \/>\nEi sisalda vett, \u00f5lisid ega muid lisandeid!<br \/>\nKuivatab, rasvatustab ja puhastab t\u00f5husalt k\u00fc\u00fcneplaati.<br \/>\nKasutusjuhend: Kandke toode ettevalmistatud k\u00fc\u00fcnele ja laske \u00f5hu k\u00e4es kuivada. P\u00e4rast toote pealekandmist peaks k\u00fc\u00fcneplaat j\u00e4\u00e4ma ideaalselt kuivaks.<\/p>\n<p>Ainult professionaalseks kasutamiseks.<\/p>","protected":false},"featured_media":2168,"template":"","meta":{"site-sidebar-layout":"default","site-content-layout":"","ast-site-content-layout":"default","site-content-style":"default","site-sidebar-style":"default","ast-global-header-display":"","ast-banner-title-visibility":"","ast-main-header-display":"","ast-hfb-above-header-display":"","ast-hfb-below-header-display":"","ast-hfb-mobile-header-display":"","site-post-title":"","ast-breadcrumbs-content":"","ast-featured-img":"","footer-sml-layout":"","ast-disable-related-posts":"","theme-transparent-header-meta":"default","adv-header-id-meta":"","stick-header-meta":"default","header-above-stick-meta":"","header-main-stick-meta":"","header-below-stick-meta":"","astra-migrate-meta-layouts":"set","ast-page-background-enabled":"default","ast-page-background-meta":{"desktop":{"background-color":"var(--ast-global-color-4)","background-image":"","background-repeat":"repeat","background-position":"center center","background-size":"auto","background-attachment":"scroll","background-type":"","background-media":"","overlay-type":"","overlay-color":"","overlay-opacity":"","overlay-gradient":""},"tablet":{"background-color":"","background-image":"","background-repeat":"repeat","background-position":"center center","background-size":"auto","background-attachment":"scroll","background-type":"","background-media":"","overlay-type":"","overlay-color":"","overlay-opacity":"","overlay-gradient":""},"mobile":{"background-color":"","background-image":"","background-repeat":"repeat","background-position":"center center","background-size":"auto","background-attachment":"scroll","background-type":"","background-media":"","overlay-type":"","overlay-color":"","overlay-opacity":"","overlay-gradient":""}},"ast-content-background-meta":{"desktop":{"background-color":"var(--ast-global-color-5)","background-image":"","background-repeat":"repeat","background-position":"center center","background-size":"auto","background-attachment":"scroll","background-type":"","background-media":"","overlay-type":"","overlay-color":"","overlay-opacity":"","overlay-gradient":""},"tablet":{"background-color":"var(--ast-global-color-5)","background-image":"","background-repeat":"repeat","background-position":"center center","background-size":"auto","background-attachment":"scroll","background-type":"","background-media":"","overlay-type":"","overlay-color":"","overlay-opacity":"","overlay-gradient":""},"mobile":{"background-color":"var(--ast-global-color-5)","background-image":"","background-repeat":"repeat","background-position":"center center","background-size":"auto","background-attachment":"scroll","background-type":"","background-media":"","overlay-type":"","overlay-color":"","overlay-opacity":"","overlay-gradient":""}}},"product_brand":[],"product_cat":[71],"product_tag":[],"class_list":{"0":"post-2178","1":"product","2":"type-product","3":"status-publish","4":"has-post-thumbnail","6":"product_cat-vedelikud-geelkuunte-napunaiteid","7":"desktop-align-left","8":"tablet-align-left","9":"mobile-align-left","10":"ast-product-gallery-layout-horizontal-slider","11":"ast-product-gallery-with-no-image","12":"ast-product-tabs-layout-horizontal","14":"first","15":"outofstock","16":"taxable","17":"shipping-taxable","18":"purchasable","19":"product-type-simple"},"aioseo_notices":[],"_links":{"self":[{"href":"https:\/\/lilacnailshop.ee\/et\/wp-json\/wp\/v2\/product\/2178","targetHints":{"allow":["GET"]}}],"collection":[{"href":"https:\/\/lilacnailshop.ee\/et\/wp-json\/wp\/v2\/product"}],"about":[{"href":"https:\/\/lilacnailshop.ee\/et\/wp-json\/wp\/v2\/types\/product"}],"version-history":[{"count":1,"href":"https:\/\/lilacnailshop.ee\/et\/wp-json\/wp\/v2\/product\/2178\/revisions"}],"predecessor-version":[{"id":2451,"href":"https:\/\/lilacnailshop.ee\/et\/wp-json\/wp\/v2\/product\/2178\/revisions\/2451"}],"wp:featuredmedia":[{"embeddable":true,"href":"https:\/\/lilacnailshop.ee\/et\/wp-json\/wp\/v2\/media\/2168"}],"wp:attachment":[{"href":"https:\/\/lilacnailshop.ee\/et\/wp-json\/wp\/v2\/media?parent=2178"}],"wp:term":[{"taxonomy":"product_brand","embeddable":true,"href":"https:\/\/lilacnailshop.ee\/et\/wp-json\/wp\/v2\/product_brand?post=2178"},{"taxonomy":"product_cat","embeddable":true,"href":"https:\/\/lilacnailshop.ee\/et\/wp-json\/wp\/v2\/product_cat?post=2178"},{"taxonomy":"product_tag","embeddable":true,"href":"https:\/\/lilacnailshop.ee\/et\/wp-json\/wp\/v2\/product_tag?post=2178"}],"curies":[{"name":"wp","href":"https:\/\/api.w.org\/{rel}","templated":true}]}}