{"id":2771,"date":"2025-12-15T15:25:42","date_gmt":"2025-12-15T13:25:42","guid":{"rendered":"https:\/\/lilacnailshop.ee\/?post_type=product&#038;p=2771"},"modified":"2026-02-25T22:02:29","modified_gmt":"2026-02-25T20:02:29","slug":"stroitelnyj-gel-clear-50-ml","status":"publish","type":"product","link":"https:\/\/lilacnailshop.ee\/et\/toode\/stroitelnyj-gel-clear-50-ml\/","title":{"rendered":"Ehitusgeel Lilac Clear 50 ml"},"content":{"rendered":"","protected":false},"excerpt":{"rendered":"<p>Vedela konsistentsiga ehitusgeel.\nLihtsalt ja \u00fchtlaselt jaotuv ning isetasanduv, samas p\u00e4rast pol\u00fcmerisatsiooni moodustab k\u00f5va ja vastupidava katte. Sobib k\u00fc\u00fcnte modelleerimiseks, tugevdamiseks ja korrigeerimiseks ilma liigse paksuseta.<\/p>\n<p>TPO\/HEMA FREE.<br \/>\nVegan &amp; Cruelty-Free, ei ole testitud loomadel.<\/p>\n<p>Poly urethane, Hydroxypropyl methacrylate, bis-trimethylbenzey phenyiphosphine oxide, 1-hydroxycyciohexyl phengel ketone,<br \/>\nPoly(methyl methacrylate), RED 14 (Cl 45430),<br \/>\nPIGMENT BLACK 6,7 (C177266), PIGMENT WHITE 21,2(CI77120), FOOD VELLQW(CI 19140), BLUE 2(C| 42090)<\/p>","protected":false},"featured_media":2892,"template":"","meta":{"site-sidebar-layout":"default","site-content-layout":"","ast-site-content-layout":"default","site-content-style":"default","site-sidebar-style":"default","ast-global-header-display":"","ast-banner-title-visibility":"","ast-main-header-display":"","ast-hfb-above-header-display":"","ast-hfb-below-header-display":"","ast-hfb-mobile-header-display":"","site-post-title":"","ast-breadcrumbs-content":"","ast-featured-img":"","footer-sml-layout":"","ast-disable-related-posts":"","theme-transparent-header-meta":"default","adv-header-id-meta":"","stick-header-meta":"default","header-above-stick-meta":"","header-main-stick-meta":"","header-below-stick-meta":"","astra-migrate-meta-layouts":"set","ast-page-background-enabled":"default","ast-page-background-meta":{"desktop":{"background-color":"var(--ast-global-color-4)","background-image":"","background-repeat":"repeat","background-position":"center center","background-size":"auto","background-attachment":"scroll","background-type":"","background-media":"","overlay-type":"","overlay-color":"","overlay-opacity":"","overlay-gradient":""},"tablet":{"background-color":"","background-image":"","background-repeat":"repeat","background-position":"center center","background-size":"auto","background-attachment":"scroll","background-type":"","background-media":"","overlay-type":"","overlay-color":"","overlay-opacity":"","overlay-gradient":""},"mobile":{"background-color":"","background-image":"","background-repeat":"repeat","background-position":"center center","background-size":"auto","background-attachment":"scroll","background-type":"","background-media":"","overlay-type":"","overlay-color":"","overlay-opacity":"","overlay-gradient":""}},"ast-content-background-meta":{"desktop":{"background-color":"var(--ast-global-color-5)","background-image":"","background-repeat":"repeat","background-position":"center center","background-size":"auto","background-attachment":"scroll","background-type":"","background-media":"","overlay-type":"","overlay-color":"","overlay-opacity":"","overlay-gradient":""},"tablet":{"background-color":"var(--ast-global-color-5)","background-image":"","background-repeat":"repeat","background-position":"center center","background-size":"auto","background-attachment":"scroll","background-type":"","background-media":"","overlay-type":"","overlay-color":"","overlay-opacity":"","overlay-gradient":""},"mobile":{"background-color":"var(--ast-global-color-5)","background-image":"","background-repeat":"repeat","background-position":"center center","background-size":"auto","background-attachment":"scroll","background-type":"","background-media":"","overlay-type":"","overlay-color":"","overlay-opacity":"","overlay-gradient":""}}},"product_brand":[],"product_cat":[63],"product_tag":[],"class_list":{"0":"post-2771","1":"product","2":"type-product","3":"status-publish","4":"has-post-thumbnail","6":"product_cat-kuunte-modelleerimine","7":"desktop-align-left","8":"tablet-align-left","9":"mobile-align-left","10":"ast-product-gallery-layout-horizontal-slider","11":"ast-product-gallery-with-no-image","12":"ast-product-tabs-layout-horizontal","14":"first","15":"instock","16":"taxable","17":"shipping-taxable","18":"purchasable","19":"product-type-simple"},"aioseo_notices":[],"_links":{"self":[{"href":"https:\/\/lilacnailshop.ee\/et\/wp-json\/wp\/v2\/product\/2771","targetHints":{"allow":["GET"]}}],"collection":[{"href":"https:\/\/lilacnailshop.ee\/et\/wp-json\/wp\/v2\/product"}],"about":[{"href":"https:\/\/lilacnailshop.ee\/et\/wp-json\/wp\/v2\/types\/product"}],"version-history":[{"count":2,"href":"https:\/\/lilacnailshop.ee\/et\/wp-json\/wp\/v2\/product\/2771\/revisions"}],"predecessor-version":[{"id":2788,"href":"https:\/\/lilacnailshop.ee\/et\/wp-json\/wp\/v2\/product\/2771\/revisions\/2788"}],"wp:featuredmedia":[{"embeddable":true,"href":"https:\/\/lilacnailshop.ee\/et\/wp-json\/wp\/v2\/media\/2892"}],"wp:attachment":[{"href":"https:\/\/lilacnailshop.ee\/et\/wp-json\/wp\/v2\/media?parent=2771"}],"wp:term":[{"taxonomy":"product_brand","embeddable":true,"href":"https:\/\/lilacnailshop.ee\/et\/wp-json\/wp\/v2\/product_brand?post=2771"},{"taxonomy":"product_cat","embeddable":true,"href":"https:\/\/lilacnailshop.ee\/et\/wp-json\/wp\/v2\/product_cat?post=2771"},{"taxonomy":"product_tag","embeddable":true,"href":"https:\/\/lilacnailshop.ee\/et\/wp-json\/wp\/v2\/product_tag?post=2771"}],"curies":[{"name":"wp","href":"https:\/\/api.w.org\/{rel}","templated":true}]}}